{"id":110547,"date":"2022-04-18T06:55:47","date_gmt":"2022-04-18T06:55:47","guid":{"rendered":"https:\/\/kolojakaato.fi\/?page_id=110547"},"modified":"2025-06-16T15:04:58","modified_gmt":"2025-06-16T15:04:58","slug":"kolo-ja-kaato-oy-2","status":"publish","type":"page","link":"https:\/\/kolojakaato.fi\/","title":{"rendered":"Kolo ja Kaato Oy &#8211; Puunhoitoa, kaatoa ja raivausta ripe\u00e4sti ja ammattitaidolla!"},"content":{"rendered":"<div class=\"wpb-content-wrapper\"><p>[vc_row row_height_percent=&#8221;100&#8243; override_padding=&#8221;yes&#8221; h_padding=&#8221;2&#8243; top_padding=&#8221;6&#8243; bottom_padding=&#8221;6&#8243; back_color=&#8221;color-jevc&#8221; back_image=&#8221;111198&#8243; back_position=&#8221;center bottom&#8221; overlay_color=&#8221;color-jevc&#8221; overlay_alpha=&#8221;31&#8243; gutter_size=&#8221;3&#8243; column_width_percent=&#8221;100&#8243; shift_y=&#8221;0&#8243; z_index=&#8221;1&#8243; enable_bottom_divider=&#8221;default&#8221; bottom_divider=&#8221;gradient&#8221; shape_bottom_h_use_pixel=&#8221;true&#8221; shape_bottom_height_percent=&#8221;100&#8243; shape_bottom_color=&#8221;color-jevc&#8221; shape_bottom_opacity=&#8221;50&#8243; shape_bottom_index=&#8221;0&#8243; uncode_shortcode_id=&#8221;125603&#8243; back_color_type=&#8221;uncode-palette&#8221; overlay_color_type=&#8221;uncode-palette&#8221; shape_bottom_color_type=&#8221;uncode-palette&#8221;][vc_column column_width_percent=&#8221;100&#8243; position_vertical=&#8221;middle&#8221; align_horizontal=&#8221;align_center&#8221; gutter_size=&#8221;3&#8243; style=&#8221;dark&#8221; overlay_alpha=&#8221;50&#8243; shift_x=&#8221;0&#8243; shift_y=&#8221;0&#8243; shift_y_down=&#8221;0&#8243; z_index=&#8221;0&#8243; medium_width=&#8221;0&#8243; align_mobile=&#8221;align_center_mobile&#8221; mobile_width=&#8221;0&#8243; css_animation=&#8221;alpha-anim&#8221; animation_speed=&#8221;1000&#8243; animation_delay=&#8221;400&#8243; width=&#8221;1\/1&#8243; uncode_shortcode_id=&#8221;179845&#8243;][vc_row_inner limit_content=&#8221;&#8221;][vc_column_inner column_width_percent=&#8221;100&#8243; align_horizontal=&#8221;align_center&#8221; gutter_size=&#8221;2&#8243; style=&#8221;dark&#8221; overlay_alpha=&#8221;50&#8243; shift_x=&#8221;0&#8243; shift_y=&#8221;0&#8243; shift_y_down=&#8221;0&#8243; z_index=&#8221;0&#8243; medium_width=&#8221;0&#8243; align_mobile=&#8221;align_center_mobile&#8221; mobile_width=&#8221;0&#8243; parallax_intensity=&#8221;4&#8243; parallax_centered=&#8221;yes&#8221; width=&#8221;1\/1&#8243; uncode_shortcode_id=&#8221;194552&#8243;][vc_single_image media=&#8221;110571&#8243; media_width_percent=&#8221;100&#8243; uncode_shortcode_id=&#8221;170711&#8243;][vc_custom_heading heading_semantic=&#8221;h3&#8243; text_font=&#8221;font-339240&#8243; text_size=&#8221;fontsize-155944&#8243; text_weight=&#8221;500&#8243; css_animation=&#8221;curtain-words&#8221; animation_speed=&#8221;1000&#8243; animation_delay=&#8221;400&#8243; title=&#8221;&#8221; uncode_shortcode_id=&#8221;157957&#8243;]<\/p>\n<h2>Asiantuntevaa puunhoitoa, puunkaatoa ja raivausta ripe\u00e4sti ja turvallisesti. Kauttamme my\u00f6s kattavat pihanhoito- ja piharakennuspalvelut.<\/h2>\n<p>[\/vc_custom_heading][\/vc_column_inner][\/vc_row_inner][\/vc_column][\/vc_row][vc_row row_height_percent=&#8221;0&#8243; override_padding=&#8221;yes&#8221; h_padding=&#8221;2&#8243; top_padding=&#8221;6&#8243; bottom_padding=&#8221;3&#8243; back_color=&#8221;color-xsdn&#8221; overlay_alpha=&#8221;50&#8243; gutter_size=&#8221;4&#8243; column_width_percent=&#8221;100&#8243; shift_y=&#8221;0&#8243; z_index=&#8221;1&#8243; bottom_divider=&#8221;step_3_4&#8243; uncode_shortcode_id=&#8221;165805&#8243; back_color_type=&#8221;uncode-palette&#8221; row_name=&#8221;intro&#8221;][vc_column column_width_percent=&#8221;100&#8243; align_horizontal=&#8221;align_center&#8221; gutter_size=&#8221;4&#8243; overlay_alpha=&#8221;50&#8243; shift_x=&#8221;0&#8243; shift_y=&#8221;0&#8243; shift_y_down=&#8221;0&#8243; z_index=&#8221;0&#8243; medium_width=&#8221;0&#8243; mobile_width=&#8221;0&#8243; css_animation=&#8221;alpha-anim&#8221; animation_speed=&#8221;1000&#8243; width=&#8221;1\/1&#8243; uncode_shortcode_id=&#8221;889139&#8243;][vc_row_inner limit_content=&#8221;&#8221;][vc_column_inner column_width_percent=&#8221;100&#8243; gutter_size=&#8221;3&#8243; overlay_alpha=&#8221;50&#8243; shift_x=&#8221;0&#8243; shift_y=&#8221;0&#8243; shift_y_down=&#8221;0&#8243; z_index=&#8221;0&#8243; medium_width=&#8221;0&#8243; mobile_width=&#8221;0&#8243; width=&#8221;2\/3&#8243; uncode_shortcode_id=&#8221;460425&#8243;][vc_column_text text_lead=&#8221;yes&#8221; text_color=&#8221;color-jevc&#8221; uncode_shortcode_id=&#8221;301019&#8243; text_color_type=&#8221;uncode-palette&#8221;]<strong>Kolo ja Kaato Oy<\/strong> on mets\u00e4palvelualan yritys, joka toimii Helsingiss\u00e4, Espoossa, Vantaalla ja l\u00e4hialueilla. Teemme puunhoitoa, kaatoa ja raivaust\u00f6it\u00e4 tehokkaasti ja turvallisesti \u2013 sek\u00e4 yksityisille ett\u00e4 taloyhti\u00f6ille. Kauttamme saat nyt my\u00f6s pihanhoito- ja rakennuspalveluita.[\/vc_column_text][vc_column_text text_color=&#8221;color-jevc&#8221; uncode_shortcode_id=&#8221;142385&#8243; text_color_type=&#8221;uncode-palette&#8221;]Kaadamme puut sinne, minne ne kuuluu kaataa. Tarvittaessa tutkimme puun kunnon ennen toimenpiteit\u00e4, ja hoidamme esimerkiksi lahovauriot, harvennukset ja tarvittavat tuennat. Jos kaato on paras ratkaisu, hoidamme sen hallitusti ja siististi, my\u00f6s ahtaissa paikoissa.<\/p>\n<p>K\u00e4yt\u00f6ss\u00e4mme on kunnolliset v\u00e4lineet, kattava vakuutus ja kokemus, joka n\u00e4kyy ty\u00f6n j\u00e4ljess\u00e4. Ty\u00f6t tehd\u00e4\u00e4n suunnitelmallisesti, aikataulussa ja ymp\u00e4rist\u00f6\u00e4 kunnioittaen.<\/p>\n<p><strong>Ota yhteytt\u00e4 ja sovitaan ilmainen arviok\u00e4ynti kohteessa.<\/strong>[\/vc_column_text][\/vc_column_inner][vc_column_inner width=&#8221;1\/3&#8243;][vc_gallery el_id=&#8221;gallery-112448&#8243; medias=&#8221;110620&#8243; gutter_size=&#8221;3&#8243; screen_lg=&#8221;1000&#8243; screen_md=&#8221;600&#8243; screen_sm=&#8221;480&#8243; single_overlay_opacity=&#8221;50&#8243; single_padding=&#8221;2&#8243; uncode_shortcode_id=&#8221;379961&#8243;][\/vc_column_inner][\/vc_row_inner][\/vc_column][\/vc_row][vc_row][vc_column column_width_percent=&#8221;100&#8243; align_horizontal=&#8221;align_center&#8221; gutter_size=&#8221;3&#8243; overlay_alpha=&#8221;50&#8243; shift_x=&#8221;0&#8243; shift_y=&#8221;0&#8243; shift_y_down=&#8221;0&#8243; z_index=&#8221;0&#8243; medium_width=&#8221;0&#8243; mobile_width=&#8221;0&#8243; width=&#8221;1\/1&#8243; uncode_shortcode_id=&#8221;420137&#8243;][vc_custom_heading uncode_shortcode_id=&#8221;138644&#8243;]<\/p>\n<h2>Monipuoliset arboristipalvelut maasta latvaan<\/h2>\n<p>[\/vc_custom_heading][\/vc_column][\/vc_row][vc_row][vc_column column_width_percent=&#8221;100&#8243; gutter_size=&#8221;3&#8243; overlay_alpha=&#8221;50&#8243; shift_x=&#8221;0&#8243; shift_y=&#8221;0&#8243; shift_y_down=&#8221;0&#8243; z_index=&#8221;0&#8243; medium_width=&#8221;0&#8243; mobile_width=&#8221;0&#8243; width=&#8221;1\/1&#8243; uncode_shortcode_id=&#8221;145592&#8243;][uncode_list uncode_shortcode_id=&#8221;187778&#8243;]<\/p>\n<ul>\n<li>Puunhoito \u2013 harvennus, vaurioiden poisto ja puiden kuntoarvio<\/li>\n<li>Puunkaato \u2013 my\u00f6s ongelmapuut ja ahtaat pihat<\/li>\n<li>Myrskytuhojen korjaus<\/li>\n<li>Polttopuunteko \u2013 kaadetut puut pilkotaan tarvittaessa<\/li>\n<li>Puiden poiskuljetus ja puumateriaalin poisvienti<\/li>\n<li>Kantojyrsint\u00e4<\/li>\n<li>Pihanhoito- ja pihanrakennuspalvelut<\/li>\n<\/ul>\n<p>[\/uncode_list][\/vc_column][\/vc_row][vc_row row_height_percent=&#8221;0&#8243; override_padding=&#8221;yes&#8221; h_padding=&#8221;2&#8243; top_padding=&#8221;5&#8243; bottom_padding=&#8221;5&#8243; overlay_alpha=&#8221;100&#8243; gutter_size=&#8221;100&#8243; column_width_percent=&#8221;100&#8243; shift_y=&#8221;0&#8243; z_index=&#8221;0&#8243; style=&#8221;inherited&#8221;][vc_column column_width_percent=&#8221;100&#8243; align_horizontal=&#8221;align_center&#8221; gutter_size=&#8221;0&#8243; style=&#8221;light&#8221; overlay_alpha=&#8221;50&#8243; shift_x=&#8221;0&#8243; shift_y=&#8221;0&#8243; shift_y_down=&#8221;0&#8243; z_index=&#8221;0&#8243; medium_width=&#8221;0&#8243; mobile_width=&#8221;0&#8243; zoom_width=&#8221;0&#8243; zoom_height=&#8221;0&#8243; width=&#8221;1\/1&#8243; uncode_shortcode_id=&#8221;801851&#8243;][uncode_slider slider_interval=&#8221;5000&#8243; slider_navspeed=&#8221;1000&#8243;][vc_row_inner row_inner_height_percent=&#8221;0&#8243; overlay_color=&#8221;color-wvjs&#8221; overlay_alpha=&#8221;9&#8243; gutter_size=&#8221;4&#8243; shift_y=&#8221;0&#8243; z_index=&#8221;0&#8243; uncode_shortcode_id=&#8221;213107&#8243; overlay_color_type=&#8221;uncode-palette&#8221;][vc_column_inner width=&#8221;1\/2&#8243;][vc_single_image media=&#8221;111247&#8243; media_width_percent=&#8221;100&#8243; uncode_shortcode_id=&#8221;155704&#8243;][\/vc_column_inner][vc_column_inner width=&#8221;1\/2&#8243;][vc_custom_heading text_size=&#8221;fontsize-155944&#8243; uncode_shortcode_id=&#8221;898217&#8243;]<\/p>\n<h2>Monipuoliset pihanhoito- ja piharakennuspalvelut<\/h2>\n<p>[\/vc_custom_heading][vc_column_text text_lead=&#8221;yes&#8221; uncode_shortcode_id=&#8221;268511&#8243;]Tarjoamme nyt my\u00f6s pihanhoito- ja piharakennuspalveluita yhteisty\u00f6ss\u00e4 Fraise.fi kanssa.[\/vc_column_text][vc_button button_color=&#8221;accent&#8221; border_width=&#8221;0&#8243; link=&#8221;url:https%3A%2F%2Fwww.fraise.fi%2F&#8221; button_color_type=&#8221;uncode-palette&#8221; uncode_shortcode_id=&#8221;159188&#8243;]Lue lis\u00e4\u00e4[\/vc_button][\/vc_column_inner][\/vc_row_inner][\/uncode_slider][\/vc_column][\/vc_row][vc_row row_height_percent=&#8221;50&#8243; override_padding=&#8221;yes&#8221; h_padding=&#8221;2&#8243; top_padding=&#8221;3&#8243; bottom_padding=&#8221;5&#8243; back_color=&#8221;color-wayh&#8221; back_image=&#8221;110584&#8243; parallax=&#8221;yes&#8221; kburns=&#8221;yes&#8221; overlay_color=&#8221;color-wayh&#8221; overlay_alpha=&#8221;50&#8243; gutter_size=&#8221;3&#8243; column_width_percent=&#8221;100&#8243; shift_y=&#8221;0&#8243; z_index=&#8221;0&#8243; mobile_visibility=&#8221;yes&#8221; uncode_shortcode_id=&#8221;118572&#8243; back_color_type=&#8221;uncode-palette&#8221; overlay_color_type=&#8221;uncode-palette&#8221;][vc_column column_width_percent=&#8221;75&#8243; position_horizontal=&#8221;left&#8221; position_vertical=&#8221;bottom&#8221; gutter_size=&#8221;3&#8243; style=&#8221;dark&#8221; overlay_alpha=&#8221;50&#8243; shift_x=&#8221;0&#8243; shift_y=&#8221;0&#8243; shift_y_down=&#8221;0&#8243; z_index=&#8221;0&#8243; medium_width=&#8221;0&#8243; mobile_width=&#8221;0&#8243; width=&#8221;1\/1&#8243; mobile_height=&#8221;360&#8243;][\/vc_column][\/vc_row][vc_row row_height_percent=&#8221;0&#8243; override_padding=&#8221;yes&#8221; h_padding=&#8221;2&#8243; top_padding=&#8221;0&#8243; bottom_padding=&#8221;5&#8243; back_color=&#8221;color-lxmt&#8221; overlay_alpha=&#8221;0&#8243; gutter_size=&#8221;3&#8243; column_width_percent=&#8221;100&#8243; shift_y=&#8221;0&#8243; z_index=&#8221;0&#8243; uncode_shortcode_id=&#8221;193862&#8243; back_color_type=&#8221;uncode-palette&#8221;][vc_column column_width_percent=&#8221;100&#8243; align_horizontal=&#8221;align_center&#8221; gutter_size=&#8221;4&#8243; overlay_alpha=&#8221;0&#8243; shift_x=&#8221;0&#8243; shift_y=&#8221;0&#8243; shift_y_down=&#8221;0&#8243; z_index=&#8221;0&#8243; medium_width=&#8221;0&#8243; mobile_width=&#8221;0&#8243; width=&#8221;1\/1&#8243; uncode_shortcode_id=&#8221;212746&#8243;][vc_row_inner row_inner_height_percent=&#8221;0&#8243; overlay_alpha=&#8221;50&#8243; gutter_size=&#8221;4&#8243; shift_y=&#8221;0&#8243;][vc_column_inner column_width_percent=&#8221;100&#8243; gutter_size=&#8221;3&#8243; overlay_alpha=&#8221;50&#8243; shift_x=&#8221;0&#8243; shift_y=&#8221;0&#8243; shift_y_down=&#8221;0&#8243; z_index=&#8221;0&#8243; medium_width=&#8221;0&#8243; mobile_width=&#8221;0&#8243; width=&#8221;1\/6&#8243; uncode_shortcode_id=&#8221;164505&#8243;][\/vc_column_inner][vc_column_inner column_width_percent=&#8221;100&#8243; align_horizontal=&#8221;align_center&#8221; gutter_size=&#8221;3&#8243; override_padding=&#8221;yes&#8221; column_padding=&#8221;3&#8243; back_color=&#8221;color-xsdn&#8221; overlay_alpha=&#8221;50&#8243; shift_x=&#8221;0&#8243; shift_y=&#8221;-4&#8243; shift_y_down=&#8221;0&#8243; z_index=&#8221;0&#8243; medium_width=&#8221;0&#8243; mobile_width=&#8221;0&#8243; radius=&#8221;sm&#8221; shadow=&#8221;lg&#8221; width=&#8221;4\/6&#8243; uncode_shortcode_id=&#8221;926760&#8243; back_color_type=&#8221;uncode-palette&#8221;][vc_custom_heading heading_semantic=&#8221;h3&#8243; uncode_shortcode_id=&#8221;985074&#8243; subheading=&#8221;Tulemme mielell\u00e4mme tekem\u00e4\u00e4n ilmaisen arvion.&#8221;]Ota yhteytt\u00e4![\/vc_custom_heading]\n<div class=\"wpcf7 no-js\" id=\"wpcf7-f110540-o1\" lang=\"en-US\" dir=\"ltr\" data-wpcf7-id=\"110540\">\n<div class=\"screen-reader-response\"><p role=\"status\" aria-live=\"polite\" aria-atomic=\"true\"><\/p> <ul><\/ul><\/div>\n<form action=\"\/index.php?rest_route=%2Fwp%2Fv2%2Fpages%2F110547#wpcf7-f110540-o1\" method=\"post\" class=\"wpcf7-form init\" aria-label=\"Contact form\" novalidate=\"novalidate\" data-status=\"init\">\n<div style=\"display: none;\">\n<input type=\"hidden\" name=\"_wpcf7\" value=\"110540\" \/>\n<input type=\"hidden\" name=\"_wpcf7_version\" value=\"6.0.6\" \/>\n<input type=\"hidden\" name=\"_wpcf7_locale\" value=\"en_US\" \/>\n<input type=\"hidden\" name=\"_wpcf7_unit_tag\" value=\"wpcf7-f110540-o1\" \/>\n<input type=\"hidden\" name=\"_wpcf7_container_post\" value=\"0\" \/>\n<input type=\"hidden\" name=\"_wpcf7_posted_data_hash\" value=\"\" \/>\n<input type=\"hidden\" name=\"_wpcf7_recaptcha_response\" value=\"\" \/>\n<\/div>\n<p><span class=\"wpcf7-form-control-wrap\" data-name=\"your-name\"><input size=\"40\" maxlength=\"400\" class=\"wpcf7-form-control wpcf7-text wpcf7-validates-as-required form-fluid\" aria-required=\"true\" aria-invalid=\"false\" placeholder=\"Nimi\" value=\"\" type=\"text\" name=\"your-name\" \/><\/span>\n<\/p>\n<p><span class=\"wpcf7-form-control-wrap\" data-name=\"your-email\"><input size=\"40\" maxlength=\"400\" class=\"wpcf7-form-control wpcf7-email wpcf7-text wpcf7-validates-as-email form-fluid\" aria-invalid=\"false\" placeholder=\"S\u00e4hk\u00f6postiosoite\" value=\"\" type=\"email\" name=\"your-email\" \/><\/span>\n<\/p>\n<p><span class=\"wpcf7-form-control-wrap\" data-name=\"your-telephone\"><input size=\"40\" maxlength=\"400\" class=\"wpcf7-form-control wpcf7-tel wpcf7-text wpcf7-validates-as-tel form-fluid\" aria-invalid=\"false\" placeholder=\"Puhelinnumero\" value=\"\" type=\"tel\" name=\"your-telephone\" \/><\/span>\n<\/p>\n<p><span class=\"wpcf7-form-control-wrap\" data-name=\"your-message\"><textarea cols=\"40\" rows=\"10\" maxlength=\"2000\" class=\"wpcf7-form-control wpcf7-textarea\" aria-invalid=\"false\" placeholder=\"Viesti\" name=\"your-message\"><\/textarea><\/span>\n<\/p>\n<p><input class=\"wpcf7-form-control wpcf7-submit has-spinner btn btn-accent\" type=\"submit\" value=\"L\u00e4het\u00e4\" \/>\n<\/p><div class=\"wpcf7-response-output\" aria-hidden=\"true\"><\/div>\n<\/form>\n<\/div>\n[\/vc_column_inner][vc_column_inner column_width_percent=&#8221;100&#8243; gutter_size=&#8221;3&#8243; overlay_alpha=&#8221;50&#8243; shift_x=&#8221;0&#8243; shift_y=&#8221;0&#8243; shift_y_down=&#8221;0&#8243; z_index=&#8221;0&#8243; medium_width=&#8221;0&#8243; mobile_visibility=&#8221;yes&#8221; mobile_width=&#8221;0&#8243; width=&#8221;1\/6&#8243; uncode_shortcode_id=&#8221;106031&#8243;][\/vc_column_inner][\/vc_row_inner][vc_row_inner][vc_column_inner width=&#8221;1\/4&#8243;][\/vc_column_inner][vc_column_inner width=&#8221;1\/4&#8243;][vc_icon position=&#8221;left&#8221; icon=&#8221;fa fa-phone&#8221; icon_color=&#8221;accent&#8221; size=&#8221;fa-2x&#8221; heading_semantic=&#8221;h6&#8243; text_size=&#8221;h6&#8243; linked_title=&#8221;yes&#8221; title=&#8221;+358 40 508 0604&#8243; link=&#8221;url:tel%3A%2B358%2041%20315%202392&#8243; uncode_shortcode_id=&#8221;157219&#8243; icon_color_type=&#8221;uncode-palette&#8221;][\/vc_icon][\/vc_column_inner][vc_column_inner width=&#8221;1\/4&#8243;][vc_icon position=&#8221;left&#8221; icon=&#8221;fa fa-envelope&#8221; icon_color=&#8221;accent&#8221; size=&#8221;fa-2x&#8221; heading_semantic=&#8221;h6&#8243; text_size=&#8221;h6&#8243; linked_title=&#8221;yes&#8221; title=&#8221;kolojakaato@gmail.com&#8221; link=&#8221;url:mailto%3Akolojakaato%40gmail.com&#8221; uncode_shortcode_id=&#8221;874170&#8243; icon_color_type=&#8221;uncode-palette&#8221;][\/vc_icon][\/vc_column_inner][vc_column_inner width=&#8221;1\/4&#8243;][\/vc_column_inner][\/vc_row_inner][\/vc_column][\/vc_row][vc_row][vc_column width=&#8221;1\/1&#8243;][vc_raw_html]JTVCaW5zdGFncmFtLWZlZWQlMjBmZWVkJTNEMiU1RA==[\/vc_raw_html][\/vc_column][\/vc_row]<\/p>\n<\/div>","protected":false},"excerpt":{"rendered":"<p>[vc_row row_height_percent=&#8221;100&#8243; override_padding=&#8221;yes&#8221; h_padding=&#8221;2&#8243; top_padding=&#8221;6&#8243; bottom_padding=&#8221;6&#8243; back_color=&#8221;color-jevc&#8221; back_image=&#8221;111198&#8243; back_position=&#8221;center bottom&#8221; overlay_color=&#8221;color-jevc&#8221; overlay_alpha=&#8221;31&#8243; gutter_size=&#8221;3&#8243; column_width_percent=&#8221;100&#8243; shift_y=&#8221;0&#8243; z_index=&#8221;1&#8243; enable_bottom_divider=&#8221;default&#8221; bottom_divider=&#8221;gradient&#8221; shape_bottom_h_use_pixel=&#8221;true&#8221; shape_bottom_height_percent=&#8221;100&#8243; [&hellip;]<\/p>\n","protected":false},"author":2,"featured_media":110631,"parent":0,"menu_order":0,"comment_status":"closed","ping_status":"closed","template":"","meta":{"footnotes":""},"class_list":["post-110547","page","type-page","status-publish","has-post-thumbnail","hentry"],"yoast_head":"<!-- This site is optimized with the Yoast SEO plugin v25.3 - https:\/\/yoast.com\/wordpress\/plugins\/seo\/ -->\n<title>Kolo ja Kaato Oy - Puunhoitoa, kaatoa ja raivausta ripe\u00e4sti ja ammattitaidolla! - Kolo ja Kaato Oy<\/title>\n<meta name=\"description\" content=\"Apua puunkaatoon ja puunraivaukseen ripe\u00e4sti ammattitaidolla. Palveluitamme ovat mm. puunkaato, polttopuunteko, myrskytuhojen korjaus, ongelmapuiden ja pihapuiden kaato, kaadetun puumateriaalin poisvienti, kaadettujen puiden poiskuljetus, kantojyrsint\u00e4.\" \/>\n<meta name=\"robots\" content=\"index, follow, max-snippet:-1, max-image-preview:large, max-video-preview:-1\" \/>\n<link rel=\"canonical\" href=\"https:\/\/kolojakaato.fi\/\" \/>\n<meta property=\"og:locale\" content=\"fi_FI\" \/>\n<meta property=\"og:type\" content=\"article\" \/>\n<meta property=\"og:title\" content=\"Kolo ja Kaato Oy - Puunhoitoa, kaatoa ja raivausta ripe\u00e4sti ja ammattitaidolla! - Kolo ja Kaato Oy\" \/>\n<meta property=\"og:description\" content=\"Apua puunkaatoon ja puunraivaukseen ripe\u00e4sti ammattitaidolla. Palveluitamme ovat mm. puunkaato, polttopuunteko, myrskytuhojen korjaus, ongelmapuiden ja pihapuiden kaato, kaadetun puumateriaalin poisvienti, kaadettujen puiden poiskuljetus, kantojyrsint\u00e4.\" \/>\n<meta property=\"og:url\" content=\"https:\/\/kolojakaato.fi\/\" \/>\n<meta property=\"og:site_name\" content=\"Kolo ja Kaato Oy\" \/>\n<meta property=\"article:modified_time\" content=\"2025-06-16T15:04:58+00:00\" \/>\n<meta property=\"og:image\" content=\"https:\/\/kolojakaato.fi\/wp-content\/uploads\/2022\/04\/KoloJaKaato_HD-1024x576.jpg\" \/>\n\t<meta property=\"og:image:width\" content=\"1024\" \/>\n\t<meta property=\"og:image:height\" content=\"576\" \/>\n\t<meta property=\"og:image:type\" content=\"image\/jpeg\" \/>\n<meta name=\"twitter:card\" content=\"summary_large_image\" \/>\n<meta name=\"twitter:label1\" content=\"Arvioitu lukuaika\" \/>\n\t<meta name=\"twitter:data1\" content=\"4 minuuttia\" \/>\n<script type=\"application\/ld+json\" class=\"yoast-schema-graph\">{\"@context\":\"https:\/\/schema.org\",\"@graph\":[{\"@type\":\"WebPage\",\"@id\":\"https:\/\/kolojakaato.fi\/\",\"url\":\"https:\/\/kolojakaato.fi\/\",\"name\":\"Kolo ja Kaato Oy - Puunhoitoa, kaatoa ja raivausta ripe\u00e4sti ja ammattitaidolla! - Kolo ja Kaato Oy\",\"isPartOf\":{\"@id\":\"https:\/\/kolojakaato.fi\/#website\"},\"primaryImageOfPage\":{\"@id\":\"https:\/\/kolojakaato.fi\/#primaryimage\"},\"image\":{\"@id\":\"https:\/\/kolojakaato.fi\/#primaryimage\"},\"thumbnailUrl\":\"https:\/\/kolojakaato.fi\/wp-content\/uploads\/2022\/04\/KoloJaKaato_HD.jpg\",\"datePublished\":\"2022-04-18T06:55:47+00:00\",\"dateModified\":\"2025-06-16T15:04:58+00:00\",\"description\":\"Apua puunkaatoon ja puunraivaukseen ripe\u00e4sti ammattitaidolla. Palveluitamme ovat mm. puunkaato, polttopuunteko, myrskytuhojen korjaus, ongelmapuiden ja pihapuiden kaato, kaadetun puumateriaalin poisvienti, kaadettujen puiden poiskuljetus, kantojyrsint\u00e4.\",\"breadcrumb\":{\"@id\":\"https:\/\/kolojakaato.fi\/#breadcrumb\"},\"inLanguage\":\"fi\",\"potentialAction\":[{\"@type\":\"ReadAction\",\"target\":[\"https:\/\/kolojakaato.fi\/\"]}]},{\"@type\":\"ImageObject\",\"inLanguage\":\"fi\",\"@id\":\"https:\/\/kolojakaato.fi\/#primaryimage\",\"url\":\"https:\/\/kolojakaato.fi\/wp-content\/uploads\/2022\/04\/KoloJaKaato_HD.jpg\",\"contentUrl\":\"https:\/\/kolojakaato.fi\/wp-content\/uploads\/2022\/04\/KoloJaKaato_HD.jpg\",\"width\":1920,\"height\":1080},{\"@type\":\"BreadcrumbList\",\"@id\":\"https:\/\/kolojakaato.fi\/#breadcrumb\",\"itemListElement\":[{\"@type\":\"ListItem\",\"position\":1,\"name\":\"Etusivu\",\"item\":\"https:\/\/kolojakaato.fi\/\"},{\"@type\":\"ListItem\",\"position\":2,\"name\":\"Kolo ja Kaato Oy &#8211; Puunhoitoa, kaatoa ja raivausta ripe\u00e4sti ja ammattitaidolla!\"}]},{\"@type\":\"WebSite\",\"@id\":\"https:\/\/kolojakaato.fi\/#website\",\"url\":\"https:\/\/kolojakaato.fi\/\",\"name\":\"Kolo ja Kaato Oy\",\"description\":\"Puunkaatoa ja -raivausta ripe\u00e4sti ja ammattitaidolla!\",\"potentialAction\":[{\"@type\":\"SearchAction\",\"target\":{\"@type\":\"EntryPoint\",\"urlTemplate\":\"https:\/\/kolojakaato.fi\/?s={search_term_string}\"},\"query-input\":{\"@type\":\"PropertyValueSpecification\",\"valueRequired\":true,\"valueName\":\"search_term_string\"}}],\"inLanguage\":\"fi\"}]}<\/script>\n<!-- \/ Yoast SEO plugin. -->","yoast_head_json":{"title":"Kolo ja Kaato Oy - Puunhoitoa, kaatoa ja raivausta ripe\u00e4sti ja ammattitaidolla! - Kolo ja Kaato Oy","description":"Apua puunkaatoon ja puunraivaukseen ripe\u00e4sti ammattitaidolla. Palveluitamme ovat mm. puunkaato, polttopuunteko, myrskytuhojen korjaus, ongelmapuiden ja pihapuiden kaato, kaadetun puumateriaalin poisvienti, kaadettujen puiden poiskuljetus, kantojyrsint\u00e4.","robots":{"index":"index","follow":"follow","max-snippet":"max-snippet:-1","max-image-preview":"max-image-preview:large","max-video-preview":"max-video-preview:-1"},"canonical":"https:\/\/kolojakaato.fi\/","og_locale":"fi_FI","og_type":"article","og_title":"Kolo ja Kaato Oy - Puunhoitoa, kaatoa ja raivausta ripe\u00e4sti ja ammattitaidolla! - Kolo ja Kaato Oy","og_description":"Apua puunkaatoon ja puunraivaukseen ripe\u00e4sti ammattitaidolla. Palveluitamme ovat mm. puunkaato, polttopuunteko, myrskytuhojen korjaus, ongelmapuiden ja pihapuiden kaato, kaadetun puumateriaalin poisvienti, kaadettujen puiden poiskuljetus, kantojyrsint\u00e4.","og_url":"https:\/\/kolojakaato.fi\/","og_site_name":"Kolo ja Kaato Oy","article_modified_time":"2025-06-16T15:04:58+00:00","og_image":[{"width":1024,"height":576,"url":"https:\/\/kolojakaato.fi\/wp-content\/uploads\/2022\/04\/KoloJaKaato_HD-1024x576.jpg","type":"image\/jpeg"}],"twitter_card":"summary_large_image","twitter_misc":{"Arvioitu lukuaika":"4 minuuttia"},"schema":{"@context":"https:\/\/schema.org","@graph":[{"@type":"WebPage","@id":"https:\/\/kolojakaato.fi\/","url":"https:\/\/kolojakaato.fi\/","name":"Kolo ja Kaato Oy - Puunhoitoa, kaatoa ja raivausta ripe\u00e4sti ja ammattitaidolla! - Kolo ja Kaato Oy","isPartOf":{"@id":"https:\/\/kolojakaato.fi\/#website"},"primaryImageOfPage":{"@id":"https:\/\/kolojakaato.fi\/#primaryimage"},"image":{"@id":"https:\/\/kolojakaato.fi\/#primaryimage"},"thumbnailUrl":"https:\/\/kolojakaato.fi\/wp-content\/uploads\/2022\/04\/KoloJaKaato_HD.jpg","datePublished":"2022-04-18T06:55:47+00:00","dateModified":"2025-06-16T15:04:58+00:00","description":"Apua puunkaatoon ja puunraivaukseen ripe\u00e4sti ammattitaidolla. Palveluitamme ovat mm. puunkaato, polttopuunteko, myrskytuhojen korjaus, ongelmapuiden ja pihapuiden kaato, kaadetun puumateriaalin poisvienti, kaadettujen puiden poiskuljetus, kantojyrsint\u00e4.","breadcrumb":{"@id":"https:\/\/kolojakaato.fi\/#breadcrumb"},"inLanguage":"fi","potentialAction":[{"@type":"ReadAction","target":["https:\/\/kolojakaato.fi\/"]}]},{"@type":"ImageObject","inLanguage":"fi","@id":"https:\/\/kolojakaato.fi\/#primaryimage","url":"https:\/\/kolojakaato.fi\/wp-content\/uploads\/2022\/04\/KoloJaKaato_HD.jpg","contentUrl":"https:\/\/kolojakaato.fi\/wp-content\/uploads\/2022\/04\/KoloJaKaato_HD.jpg","width":1920,"height":1080},{"@type":"BreadcrumbList","@id":"https:\/\/kolojakaato.fi\/#breadcrumb","itemListElement":[{"@type":"ListItem","position":1,"name":"Etusivu","item":"https:\/\/kolojakaato.fi\/"},{"@type":"ListItem","position":2,"name":"Kolo ja Kaato Oy &#8211; Puunhoitoa, kaatoa ja raivausta ripe\u00e4sti ja ammattitaidolla!"}]},{"@type":"WebSite","@id":"https:\/\/kolojakaato.fi\/#website","url":"https:\/\/kolojakaato.fi\/","name":"Kolo ja Kaato Oy","description":"Puunkaatoa ja -raivausta ripe\u00e4sti ja ammattitaidolla!","potentialAction":[{"@type":"SearchAction","target":{"@type":"EntryPoint","urlTemplate":"https:\/\/kolojakaato.fi\/?s={search_term_string}"},"query-input":{"@type":"PropertyValueSpecification","valueRequired":true,"valueName":"search_term_string"}}],"inLanguage":"fi"}]}},"_links":{"self":[{"href":"https:\/\/kolojakaato.fi\/index.php?rest_route=\/wp\/v2\/pages\/110547","targetHints":{"allow":["GET"]}}],"collection":[{"href":"https:\/\/kolojakaato.fi\/index.php?rest_route=\/wp\/v2\/pages"}],"about":[{"href":"https:\/\/kolojakaato.fi\/index.php?rest_route=\/wp\/v2\/types\/page"}],"author":[{"embeddable":true,"href":"https:\/\/kolojakaato.fi\/index.php?rest_route=\/wp\/v2\/users\/2"}],"replies":[{"embeddable":true,"href":"https:\/\/kolojakaato.fi\/index.php?rest_route=%2Fwp%2Fv2%2Fcomments&post=110547"}],"version-history":[{"count":137,"href":"https:\/\/kolojakaato.fi\/index.php?rest_route=\/wp\/v2\/pages\/110547\/revisions"}],"predecessor-version":[{"id":111269,"href":"https:\/\/kolojakaato.fi\/index.php?rest_route=\/wp\/v2\/pages\/110547\/revisions\/111269"}],"wp:featuredmedia":[{"embeddable":true,"href":"https:\/\/kolojakaato.fi\/index.php?rest_route=\/wp\/v2\/media\/110631"}],"wp:attachment":[{"href":"https:\/\/kolojakaato.fi\/index.php?rest_route=%2Fwp%2Fv2%2Fmedia&parent=110547"}],"curies":[{"name":"wp","href":"https:\/\/api.w.org\/{rel}","templated":true}]}}